{"id":1222,"date":"2019-03-12T14:07:21","date_gmt":"2019-03-12T13:07:21","guid":{"rendered":"http:\/\/shop.dasfritz.at\/index.php\/agb\/"},"modified":"2019-05-08T16:53:40","modified_gmt":"2019-05-08T14:53:40","slug":"agb","status":"publish","type":"page","link":"https:\/\/shop.dasfritz.at\/index.php\/agb\/","title":{"rendered":"AGB"},"content":{"rendered":"<p><strong>Allgemeine Gesch\u00e4ftsbedingungen<\/strong><\/p><p><strong>Allgemeine Gesch\u00e4ftsbedingungen\nf\u00fcr den Kauf von Online-Gutscheinen <\/strong><\/p><p>1)\nAllgemeines: <\/p><p>Der\nVertrag kommt mit PT Errichtungs- und Betriebs GmbH, Seebad 1, 7121 Weiden am\nSee zustande. Davon abweichende Regelungen sind nur dann g\u00fcltig, wenn sie\nbeiderseitig, ausdr\u00fccklich und schriftlich vereinbart wurden. Zum Einkauf in\nunserem Internet-Shop sind nur Personen ab dem 18. Lebensjahr berechtigt. <\/p><p>2)\nVertragsabschluss, Zahlung:<\/p><p>Die auf\nder Restaurant-Website angebotenen Gutscheinpreise verstehen sich inklusive\netwaiger gesetzlicher Umsatzsteuer. <\/p><p>3)\nGutscheine <\/p><p>Bei den\nOnline-Gutscheinen ist zu beachten, dass diese von der PT Errichtungs- und\nBetriebs GmbH mit einem f\u00e4lschungssicheren Code an den Kunden \u00fcbermittelt\nwerden. Da der Kunde den Gutschein selbst ausdrucken kann, sind mehrere Prints\nzwar m\u00f6glich, aber nur ein Print ist wertrelevant und einl\u00f6sbar. Der erste im\nGutschein-Management-System eingel\u00f6ste Gutschein mit dem entsprechenden Barcode\nwird als das Original angesehen und muss sofort nach dem Einl\u00f6sen der PT\nErrichtungs- und Betriebs GmbH abgebucht werden. Sollten weitere Exemplare mit\ndem gleichen Code auftauchen, so handelt es sich um einen Missbrauch, welcher\nstrafrechtliche Konsequenzen zur Folge hat. Da ein Gutschein entsprechend\nweitergegeben resp. verschenkt werden kann, besteht keine Pflicht und\nM\u00f6glichkeit seitens der PT Errichtung- und Betriebs GmbH das Besitzrecht des\nEinl\u00f6sers zu \u00fcberpr\u00fcfen. Beim Einl\u00f6sen wird lediglich \u00fcberpr\u00fcft, ob der\nentsprechende Barcode wirklich vom System freigegeben und ob der entsprechende\nGutschein auch wirklich bezahlt wurde. Verlorene Gutscheine werden nicht\nersetzt. Auch k\u00f6nnen Gutscheine nicht gegen Barwertauszahlung zur\u00fcckgegeben\nwerden. Betr\u00e4gt der Wert des Gutscheines mehr als die konsumierte Leistung, so\nverbleibt der Restwert auf dem Gutschein. In einem solchen Fall besteht kein\nAnspruch auf eine Barauszahlung des noch offenen Gutschein-Betrages. Betr\u00e4gt\nder Wert der Leistung mehr als der Wert des Gutscheins muss der Differenzbetrag\nvom Kunden zus\u00e4tzlich bezahlt werden. Die PT Errichtungs- und Betriebs GmbH ist\nnicht verpflichtet, nicht bezahlte Gutscheine als Zahlungsmittel entgegen zu\nnehmen. Aus betrieblichen Gr\u00fcnden k\u00f6nnen die im Gutschein aufgef\u00fchrten\nLeistungen nur vom Betrieb erbracht resp. garantiert werden, wenn eine\nentsprechende und rechtzeitige Reservation erfolgt ist. Die im Gutschein\nbeschriebene Dienstleistung kann je nach Begebenheit leicht abweichen, darf\naber f\u00fcr den Gast keine relevante Wertminderung darstellen. Sollte die PT\nErrichtungs- und Betriebs GmbH aus irgendeinem Grund schlie\u00dfen, so verfallen\ndie Online-Gutscheine schadenersatzlos. Dies ist auch der Fall, wenn der\nBetrieb nachweisbar den Eigent\u00fcmer wechselt. In einem solchen Fall kann nicht\nauf die PT Errichtungs- und Betriebs GmbH als urspr\u00fcnglicher Aussteller der\nGutscheine zur\u00fcckgegriffen werden. <\/p><p>4)\nG\u00fcltigkeit, G\u00fcltigkeitsdauer: <\/p><p>Wertgutscheine\nhaben kein Ablaufdatum und k\u00f6nnen jederzeit eingel\u00f6st werden. Die PT\nErrichtungs- und Betriebs GmbH beh\u00e4lt sich Preis\u00e4nderungen aufgrund\nunterschiedlicher Saisonen vor. Jeder Gutschein kann solange eingel\u00f6st werden,\nbis der hinterlegte Betrag des Gutscheins ausgegeben wurde. Wenn ein Restwert\nbesteht wird dieser auf dem bestehenden Gutschein ausgestellt. <\/p><p>5)\nBarabl\u00f6se, Rechnungslegung: Eine Barabl\u00f6se des Gutscheins bzw. des mit diesem\nverbrieften Wertes ist nicht m\u00f6glich. Die Ausstellung einer\numsatzsteuergerechten Rechnung mit entsprechendem Steuernachweis kann erst zum\nZeitpunkt der Einl\u00f6sung des Gutscheins und somit der tats\u00e4chlichen\nLeistungserbringung, sprich bei der Gutscheineinl\u00f6sung erfolgen (UstG). <\/p><p>6)\nSicherheitsgarantie, Datenschutz: Ihre Sicherheit hat h\u00f6chste Priorit\u00e4t! Daher\nwerden Daten wie Kreditkartennummer, Bankleitzahl, Kontonummer, Name und\nAnschrift bei Bezahlung mit Kreditkarten \u00fcber zertifizierte Payment-Anbieter\n\u00fcber deren gesch\u00fctzte SSL Leitung unter Ber\u00fccksichtigung von PCI-Richtlinien\n\u00fcbertragen. Damit kann kein Unbefugter Ihre eingegebenen Daten w\u00e4hrend der\n\u00dcbertragung im Internet lesen. Um f\u00fcr die zus\u00e4tzliche Sicherheit im\nGutscheinshop zu sorgen, wenden wir eine Reihe von zus\u00e4tzlichen Sicherheitsma\u00dfnahmen\nan. Ihre Angaben werden von uns automationsunterst\u00fctzt verarbeitet. Auf Grund\nder allgemeinen Gesch\u00e4ftsbedingungen erkl\u00e4rt der Kunde sich einverstanden, dass\ner Werbeinformationen der PT Errichtungs- und Betriebs GmbH erh\u00e4lt. Eine\nWeitergabe dieser Daten an Dritte findet nicht statt. <\/p><p>7) Gerichtsstand: F\u00fcr s\u00e4mtliche Vertragsverh\u00e4ltnisse gilt ausschlie\u00dflich \u00f6sterreichisches Recht. Gerichtsstand ist Landesgericht Eisenstadt, \u00d6sterreich. <\/p><p><\/p><p>Stand 2.5.2019<\/p>","protected":false},"excerpt":{"rendered":"<p>Allgemeine Gesch\u00e4ftsbedingungen Allgemeine Gesch\u00e4ftsbedingungen f\u00fcr den Kauf von Online-Gutscheinen 1) Allgemeines: Der Vertrag kommt mit PT Errichtungs- und Betriebs GmbH, Seebad 1, 7121 Weiden am See zustande. Davon abweichende Regelungen sind nur dann g\u00fcltig, wenn sie beiderseitig, ausdr\u00fccklich und schriftlich vereinbart wurden. Zum Einkauf in unserem Internet-Shop sind nur Personen ab dem 18. Lebensjahr berechtigt. [&hellip;]<\/p>\n","protected":false},"author":8,"featured_media":0,"parent":0,"menu_order":0,"comment_status":"closed","ping_status":"closed","template":"","meta":{"footnotes":""},"class_list":["post-1222","page","type-page","status-publish","hentry"],"_links":{"self":[{"href":"https:\/\/shop.dasfritz.at\/index.php\/wp-json\/wp\/v2\/pages\/1222","targetHints":{"allow":["GET"]}}],"collection":[{"href":"https:\/\/shop.dasfritz.at\/index.php\/wp-json\/wp\/v2\/pages"}],"about":[{"href":"https:\/\/shop.dasfritz.at\/index.php\/wp-json\/wp\/v2\/types\/page"}],"author":[{"embeddable":true,"href":"https:\/\/shop.dasfritz.at\/index.php\/wp-json\/wp\/v2\/users\/8"}],"replies":[{"embeddable":true,"href":"https:\/\/shop.dasfritz.at\/index.php\/wp-json\/wp\/v2\/comments?post=1222"}],"version-history":[{"count":5,"href":"https:\/\/shop.dasfritz.at\/index.php\/wp-json\/wp\/v2\/pages\/1222\/revisions"}],"predecessor-version":[{"id":1644,"href":"https:\/\/shop.dasfritz.at\/index.php\/wp-json\/wp\/v2\/pages\/1222\/revisions\/1644"}],"wp:attachment":[{"href":"https:\/\/shop.dasfritz.at\/index.php\/wp-json\/wp\/v2\/media?parent=1222"}],"curies":[{"name":"wp","href":"https:\/\/api.w.org\/{rel}","templated":true}]}}